{"id":26,"date":"2024-03-01T09:59:05","date_gmt":"2024-03-01T09:59:05","guid":{"rendered":"https:\/\/dr-vet.net\/?page_id=26"},"modified":"2025-03-15T08:47:18","modified_gmt":"2025-03-15T07:47:18","slug":"impressum","status":"publish","type":"page","link":"https:\/\/dr-vet.net\/?page_id=26","title":{"rendered":"Impressum"},"content":{"rendered":"\n<p>www.dr-vet.net<\/p>\n\n\n\n<p>Terra-Verlag GmbH<br>Neuhauser Strasse 21<br>78464 Konstanz<\/p>\n\n\n\n<p><strong>Vertreten durch:<\/strong><br>Herr Dr. Dirk Heizmann<\/p>\n\n\n\n<p><strong>Kontakt:<\/strong><br>Telefon: +49 (0) 7531 922 97 65<br>Telefax: +49 (0) 7531 922 87 16<br>E-Mail:&nbsp;kontakt(at)terra-verlag(punkt)de<\/p>\n\n\n\n<p><strong>Registereintrag:<\/strong><br>Eintragung im Handelsregister.<br>Registergericht: Amtsgericht Freiburg i.Br.<br>Registernummer: HRB 38 10 53<br>Sitz der Gesellschaft: Konstanz<br>Gesch\u00e4ftsf\u00fchrer: Dr. Dirk Heizmann<\/p>\n\n\n\n<p><strong>Umsatzsteuer:<\/strong><br>Umsatzsteuer-Identifikationsnummer gem\u00e4\u00df \u00a727 a Umsatzsteuergesetz:<br>DE 142 305 607<\/p>\n\n\n\n<p><strong>Verantwortlich f\u00fcr den Inhalt nach \u00a7 55 Abs. 2 RStV:<\/strong><br>Dr. Dirk Heizmann, Adresse wie oben<\/p>\n\n\n\n<p><strong>Stockfotos:<\/strong>&nbsp;u.a.&nbsp;<a href=\"http:\/\/www.shutterstock.com\/\" target=\"_blank\" rel=\"noreferrer noopener\">www.shutterstock.com<\/a><\/p>\n\n\n\n<p><strong>Streitschlichtung<\/strong><br>Die Europ\u00e4ische Kommission stellt eine Plattform zur Online-Streitbeilegung (OS) bereit:&nbsp;<a href=\"https:\/\/ec.europa.eu\/consumers\/odr\" target=\"_blank\" rel=\"noreferrer noopener\">https:\/\/ec.europa.eu\/consumers\/odr<\/a><br>Unsere E-Mail-Adresse finden Sie oben im Impressum.<br>Wir sind nicht bereit oder verpflichtet, an Streitbeilegungsverfahren vor einer Verbraucherschlichtungsstelle teilzunehmen.<\/p>\n\n\n\n<p><strong>Haftung f\u00fcr Inhalte<\/strong><br>Als Diensteanbieter sind wir gem\u00e4\u00df \u00a7 7 Abs.1 TMG f\u00fcr eigene Inhalte auf diesen Seiten nach den allgemeinen Gesetzen verantwortlich. Nach \u00a7\u00a7 8 bis 10 TMG sind wir als Diensteanbieter jedoch nicht verpflichtet, \u00fcbermittelte oder gespeicherte fremde Informationen zu \u00fcberwachen oder nach Umst\u00e4nden zu forschen, die auf eine rechtswidrige T\u00e4tigkeit hinweisen.<br>Verpflichtungen zur Entfernung oder Sperrung der Nutzung von Informationen nach den allgemeinen Gesetzen bleiben hiervon unber\u00fchrt. Eine diesbez\u00fcgliche Haftung ist jedoch erst ab dem Zeitpunkt der Kenntnis einer konkreten Rechtsverletzung m\u00f6glich. Bei Bekanntwerden von entsprechenden Rechtsverletzungen werden wir diese Inhalte umgehend entfernen.<\/p>\n\n\n\n<p><strong>Haftung f\u00fcr Links<\/strong><br>Unser Angebot enth\u00e4lt Links zu externen Websites Dritter, auf deren Inhalte wir keinen Einfluss haben. Deshalb k\u00f6nnen wir f\u00fcr diese fremden Inhalte auch keine Gew\u00e4hr \u00fcbernehmen. F\u00fcr die Inhalte der verlinkten Seiten ist stets der jeweilige Anbieter oder Betreiber der Seiten verantwortlich. Die verlinkten Seiten wurden zum Zeitpunkt der Verlinkung auf m\u00f6gliche Rechtsverst\u00f6\u00dfe \u00fcberpr\u00fcft. Rechtswidrige Inhalte waren zum Zeitpunkt der Verlinkung nicht erkennbar. Eine permanente inhaltliche Kontrolle der verlinkten Seiten ist jedoch ohne konkrete Anhaltspunkte einer Rechtsverletzung nicht zumutbar. Bei Bekanntwerden von Rechtsverletzungen werden wir derartige Links umgehend entfernen.<\/p>\n\n\n\n<p><strong>Urheberrecht<\/strong><br>Alle ver\u00f6ffentlichen Beitr\u00e4ge sind urheberrechtlich gesch\u00fctzt. Ohne Genehmigung des Verlages ist jedwede Verwertung mit Ausnahme der gesetzlich zugelassenen F\u00e4lle, strafbar. Dies gilt auch f\u00fcr die Vervielf\u00e4ltigung per Kopie, die Aufnahme in elektronische Datenbanken und die Vervielf\u00e4ltigung auf CD-ROM.<br>Soweit die Inhalte auf dieser Seite nicht vom Betreiber erstellt wurden, werden die Urheberrechte Dritter beachtet. Insbesondere werden Inhalte Dritter als solche gekennzeichnet. Sollten Sie trotzdem auf eine Urheberrechtsverletzung aufmerksam werden, bitten wir um einen entsprechenden Hinweis. Bei Bekanntwerden von Rechtsverletzungen werden wir derartige Inhalte umgehend entfernen.<\/p>\n\n\n\n<p><strong>Eingesandtes redaktionelles Material<\/strong><br>Falls Sie der Orbis Werbung GmbH &amp; Co. KG unaufgefordert Material (z.B. Bilder, Texte, Warenproben, u.\u00e4.) \u00fcbersenden, so \u00fcbernehmen wir hierf\u00fcr keinerlei Gew\u00e4hr oder Haftung irgendwelcher Art (z.B. bei Besch\u00e4digung oder Verlust u.\u00e4.) und wir senden dieses Material nur zur\u00fcck, wenn uns die hierf\u00fcr entstehenden Aufwendungen (z.B. Verpackung, Porti, Arbeitsaufwand u.\u00e4.) ersetzt werden.&nbsp;<br>Sofern dem Verlag unaufgefordert Material zur Ver\u00f6ffentlichung \u00fcbersendet wird, so garantiert der \u00dcbersender, dass dieses Material frei von jedweden Rechten Dritter ist und dass der Rechteinhaber dem Verlag das zeitliche, r\u00e4umliche und inhaltlich unbeschr\u00e4nkte Recht einr\u00e4umt, das zugesandte Material (Texte, Bilder, u.a.) sowohl in unver\u00e4nderter, als auch in bearbeiteter oder umgestalteter Form, z. B. in Ausschnitten oder retuschiert, zu nutzen.<\/p>\n\n\n\n<p><strong>Markenzeichen<\/strong><br>Eine Markenbezeichnung kann warenzeichenrechtlich gesch\u00fctzt sein, auch wenn bei ihrer Verwendung das Zeichen \u00ae oder ein anderer Hinweis auf bestehende Schutzrechte fehlen sollte.<\/p>\n\n\n\n<p><strong>Allgemeine Gesch\u00e4ftsbedingungen Werbung:<\/strong><br>F\u00fcr Anzeigenauftr\u00e4ge, Beilagenauftr\u00e4ge, Auftr\u00e4ge bez\u00fcglich sonstiger Werbemittel sowie f\u00fcr Folgeauftr\u00e4ge hierzu gelten ausschlie\u00dflich unsere Allgemeinen Gesch\u00e4ftsbedingungen&nbsp;in der jeweils aktuellen Version. Zus\u00e4tzlich zu diesen AGB gelten die zum Zeitpunkt des Vertragsschlusses aktuellen Preislisten bzw. die aktuellen Preisangaben der Orbis Werbung GmbH &amp; Co. KG als wesentlicher Vertragsbestandteil. Diese&nbsp;erhalten Sie jederzeit auf Anfrage.&nbsp;Entgegenstehende oder abweichende Bedingungen des Auftraggebers erkennt die Orbis Werbung GmbH &amp; Co. KG nicht an, es sei denn, sie hat diesen Bedingungen ausdr\u00fccklich in Textform zugestimmt. Diese AGB gelten auch dann, wenn die Orbis Werbung GmbH &amp; Co. KG in Kenntnis entgegenstehender oder von diesen AGB abweichenden Bedingungen des Auftraggebers die Leistung vorbehaltlos ausf\u00fchrt.<\/p>\n\n\n\n<p><strong>Datenschutz<\/strong><br>Die Orbis Werbung GmbH &amp; Co. KG fordert grunds\u00e4tzlich Dritte nicht auf, mit ihr in Kontakt zu treten und uns pers\u00f6nliche Daten gleichwelcher Art zu \u00fcbermitteln. Wenn Sie dies dennoch tun, so erkl\u00e4ren Sie mit Ihrer Kontaktaufnahme, dass s\u00e4mtliche pers\u00f6nlichen Daten rein freiwillig \u00fcbermittelt werden. Sie stimmen zu, dass Ihre personenbezogenen Daten zum Zwecke des Kontaktes mit Ihnen und f\u00fcr auf Sie pers\u00f6nlich zugeschnittene Werbung und Marktforschung von der Orbis Werbung GmbH &amp; Co. KG erhoben, gespeichert, verarbeitet und genutzt sowie falls erforderlich an Dritte weitergegeben werden. Diese Einwilligung kann jederzeit widerrufen werden (es reicht eine Mail an kontakt(at)terra-verlag(punkt)de). Dies f\u00fchrt zu einer L\u00f6schung der uns \u00fcbersendeten pers\u00f6nlichen Daten. Unsere Datenschutzerkl\u00e4rung erhalten Sie jederzeit auf Anfrage. Ein PDF zum Download finden Sie&nbsp;<a href=\"https:\/\/www.petvet.de\/fileadmin\/user_upload\/Datenschutzerklaerung_OW.pdf\">hier<\/a>.<\/p>\n\n\n\n<p><strong>Google Analytics<\/strong><br>Diese Website benutzt Google Analytics, einen Webanalysedienst der Google Inc. (\u201eGoogle\u201c). Google Analytics verwendet sog. \u201eCookies\u201c, Textdateien, die auf Ihrem Computer gespeichert werden und die eine Analyse der Benutzung der Website durch Sie erm\u00f6glicht. Die durch den Cookie erzeugten Informationen \u00fcber Ihre Benutzung diese Website (einschlie\u00dflich Ihrer IP-Adresse) wird an einen Server von Google in den USA \u00fcbertragen und dort gespeichert. Google wird diese Informationen benutzen, um Ihre Nutzung der Website auszuwerten, um Reports \u00fcber die Websiteaktivit\u00e4ten f\u00fcr die Websitebetreiber zusammenzustellen und um weitere mit der Websitenutzung und der Internetnutzung verbundene Dienstleistungen zu erbringen. Auch wird Google diese Informationen gegebenenfalls an Dritte \u00fcbertragen, sofern dies gesetzlich vorgeschrieben oder soweit Dritte diese Daten im Auftrag von Google verarbeiten. Google wird in keinem Fall Ihre IP-Adresse mit anderen Daten der Google in Verbindung bringen. Sie k\u00f6nnen die Installation der Cookies durch eine entsprechende Einstellung Ihrer Browser Software verhindern; wir weisen Sie jedoch darauf hin, dass Sie in diesem Fall gegebenenfalls nicht s\u00e4mtliche Funktionen dieser Website voll umf\u00e4nglich nutzen k\u00f6nnen. Durch die Nutzung dieser Website erkl\u00e4ren Sie sich mit der Bearbeitung der \u00fcber Sie erhobenen Daten durch Google in der zuvor beschriebenen Art und Weise und zu dem zuvor benannten Zweck einverstanden.<\/p>\n","protected":false},"excerpt":{"rendered":"<p>www.dr-vet.net Terra-Verlag GmbHNeuhauser Strasse 2178464 Konstanz Vertreten durch:Herr Dr. Dirk Heizmann Kontakt:Telefon: +49 (0) 7531 922 97 65Telefax: +49 (0) [&hellip;]<\/p>\n","protected":false},"author":1,"featured_media":0,"parent":0,"menu_order":0,"comment_status":"closed","ping_status":"closed","template":"","meta":{"footnotes":""},"yoast_head":"<!-- This site is optimized with the Yoast SEO plugin v22.7 - https:\/\/yoast.com\/wordpress\/plugins\/seo\/ -->\n<title>Impressum - DR-VET.NET<\/title>\n<meta name=\"robots\" content=\"index, follow, max-snippet:-1, max-image-preview:large, max-video-preview:-1\" \/>\n<link rel=\"canonical\" href=\"https:\/\/dr-vet.net\/?page_id=26\" \/>\n<meta property=\"og:locale\" content=\"de_DE\" \/>\n<meta property=\"og:type\" content=\"article\" \/>\n<meta property=\"og:title\" content=\"Impressum - DR-VET.NET\" \/>\n<meta property=\"og:description\" content=\"www.dr-vet.net Terra-Verlag GmbHNeuhauser Strasse 2178464 Konstanz Vertreten durch:Herr Dr. Dirk Heizmann Kontakt:Telefon: +49 (0) 7531 922 97 65Telefax: +49 (0) [&hellip;]\" \/>\n<meta property=\"og:url\" content=\"https:\/\/dr-vet.net\/?page_id=26\" \/>\n<meta property=\"og:site_name\" content=\"DR-VET.NET\" \/>\n<meta property=\"article:modified_time\" content=\"2025-03-15T07:47:18+00:00\" \/>\n<meta name=\"twitter:card\" content=\"summary_large_image\" \/>\n<meta name=\"twitter:label1\" content=\"Gesch\u00e4tzte Lesezeit\" \/>\n\t<meta name=\"twitter:data1\" content=\"6\u00a0Minuten\" \/>\n<script type=\"application\/ld+json\" class=\"yoast-schema-graph\">{\"@context\":\"https:\/\/schema.org\",\"@graph\":[{\"@type\":\"WebPage\",\"@id\":\"https:\/\/dr-vet.net\/?page_id=26\",\"url\":\"https:\/\/dr-vet.net\/?page_id=26\",\"name\":\"Impressum - DR-VET.NET\",\"isPartOf\":{\"@id\":\"https:\/\/dr-vet.net\/#website\"},\"datePublished\":\"2024-03-01T09:59:05+00:00\",\"dateModified\":\"2025-03-15T07:47:18+00:00\",\"breadcrumb\":{\"@id\":\"https:\/\/dr-vet.net\/?page_id=26#breadcrumb\"},\"inLanguage\":\"de\",\"potentialAction\":[{\"@type\":\"ReadAction\",\"target\":[\"https:\/\/dr-vet.net\/?page_id=26\"]}]},{\"@type\":\"BreadcrumbList\",\"@id\":\"https:\/\/dr-vet.net\/?page_id=26#breadcrumb\",\"itemListElement\":[{\"@type\":\"ListItem\",\"position\":1,\"name\":\"Startseite\",\"item\":\"https:\/\/dr-vet.net\/\"},{\"@type\":\"ListItem\",\"position\":2,\"name\":\"Impressum\"}]},{\"@type\":\"WebSite\",\"@id\":\"https:\/\/dr-vet.net\/#website\",\"url\":\"https:\/\/dr-vet.net\/\",\"name\":\"DR-VET.NET\",\"description\":\"\",\"publisher\":{\"@id\":\"https:\/\/dr-vet.net\/#organization\"},\"alternateName\":\"Tier\u00e4rtliche Umschau, Fachzeitschrift Kleintiermedizin, Fachzeitschrift Pferd & Nutztier\",\"potentialAction\":[{\"@type\":\"SearchAction\",\"target\":{\"@type\":\"EntryPoint\",\"urlTemplate\":\"https:\/\/dr-vet.net\/?s={search_term_string}\"},\"query-input\":\"required name=search_term_string\"}],\"inLanguage\":\"de\"},{\"@type\":\"Organization\",\"@id\":\"https:\/\/dr-vet.net\/#organization\",\"name\":\"DR-VET.NET\",\"url\":\"https:\/\/dr-vet.net\/\",\"logo\":{\"@type\":\"ImageObject\",\"inLanguage\":\"de\",\"@id\":\"https:\/\/dr-vet.net\/#\/schema\/logo\/image\/\",\"url\":\"https:\/\/dr-vet.net\/wp-content\/uploads\/2024\/03\/DrVetBanner-1.gif\",\"contentUrl\":\"https:\/\/dr-vet.net\/wp-content\/uploads\/2024\/03\/DrVetBanner-1.gif\",\"width\":900,\"height\":160,\"caption\":\"DR-VET.NET\"},\"image\":{\"@id\":\"https:\/\/dr-vet.net\/#\/schema\/logo\/image\/\"}}]}<\/script>\n<!-- \/ Yoast SEO plugin. -->","yoast_head_json":{"title":"Impressum - DR-VET.NET","robots":{"index":"index","follow":"follow","max-snippet":"max-snippet:-1","max-image-preview":"max-image-preview:large","max-video-preview":"max-video-preview:-1"},"canonical":"https:\/\/dr-vet.net\/?page_id=26","og_locale":"de_DE","og_type":"article","og_title":"Impressum - DR-VET.NET","og_description":"www.dr-vet.net Terra-Verlag GmbHNeuhauser Strasse 2178464 Konstanz Vertreten durch:Herr Dr. Dirk Heizmann Kontakt:Telefon: +49 (0) 7531 922 97 65Telefax: +49 (0) [&hellip;]","og_url":"https:\/\/dr-vet.net\/?page_id=26","og_site_name":"DR-VET.NET","article_modified_time":"2025-03-15T07:47:18+00:00","twitter_card":"summary_large_image","twitter_misc":{"Gesch\u00e4tzte Lesezeit":"6\u00a0Minuten"},"schema":{"@context":"https:\/\/schema.org","@graph":[{"@type":"WebPage","@id":"https:\/\/dr-vet.net\/?page_id=26","url":"https:\/\/dr-vet.net\/?page_id=26","name":"Impressum - DR-VET.NET","isPartOf":{"@id":"https:\/\/dr-vet.net\/#website"},"datePublished":"2024-03-01T09:59:05+00:00","dateModified":"2025-03-15T07:47:18+00:00","breadcrumb":{"@id":"https:\/\/dr-vet.net\/?page_id=26#breadcrumb"},"inLanguage":"de","potentialAction":[{"@type":"ReadAction","target":["https:\/\/dr-vet.net\/?page_id=26"]}]},{"@type":"BreadcrumbList","@id":"https:\/\/dr-vet.net\/?page_id=26#breadcrumb","itemListElement":[{"@type":"ListItem","position":1,"name":"Startseite","item":"https:\/\/dr-vet.net\/"},{"@type":"ListItem","position":2,"name":"Impressum"}]},{"@type":"WebSite","@id":"https:\/\/dr-vet.net\/#website","url":"https:\/\/dr-vet.net\/","name":"DR-VET.NET","description":"","publisher":{"@id":"https:\/\/dr-vet.net\/#organization"},"alternateName":"Tier\u00e4rtliche Umschau, Fachzeitschrift Kleintiermedizin, Fachzeitschrift Pferd & Nutztier","potentialAction":[{"@type":"SearchAction","target":{"@type":"EntryPoint","urlTemplate":"https:\/\/dr-vet.net\/?s={search_term_string}"},"query-input":"required name=search_term_string"}],"inLanguage":"de"},{"@type":"Organization","@id":"https:\/\/dr-vet.net\/#organization","name":"DR-VET.NET","url":"https:\/\/dr-vet.net\/","logo":{"@type":"ImageObject","inLanguage":"de","@id":"https:\/\/dr-vet.net\/#\/schema\/logo\/image\/","url":"https:\/\/dr-vet.net\/wp-content\/uploads\/2024\/03\/DrVetBanner-1.gif","contentUrl":"https:\/\/dr-vet.net\/wp-content\/uploads\/2024\/03\/DrVetBanner-1.gif","width":900,"height":160,"caption":"DR-VET.NET"},"image":{"@id":"https:\/\/dr-vet.net\/#\/schema\/logo\/image\/"}}]}},"_links":{"self":[{"href":"https:\/\/dr-vet.net\/index.php?rest_route=\/wp\/v2\/pages\/26"}],"collection":[{"href":"https:\/\/dr-vet.net\/index.php?rest_route=\/wp\/v2\/pages"}],"about":[{"href":"https:\/\/dr-vet.net\/index.php?rest_route=\/wp\/v2\/types\/page"}],"author":[{"embeddable":true,"href":"https:\/\/dr-vet.net\/index.php?rest_route=\/wp\/v2\/users\/1"}],"replies":[{"embeddable":true,"href":"https:\/\/dr-vet.net\/index.php?rest_route=%2Fwp%2Fv2%2Fcomments&post=26"}],"version-history":[{"count":4,"href":"https:\/\/dr-vet.net\/index.php?rest_route=\/wp\/v2\/pages\/26\/revisions"}],"predecessor-version":[{"id":1332,"href":"https:\/\/dr-vet.net\/index.php?rest_route=\/wp\/v2\/pages\/26\/revisions\/1332"}],"wp:attachment":[{"href":"https:\/\/dr-vet.net\/index.php?rest_route=%2Fwp%2Fv2%2Fmedia&parent=26"}],"curies":[{"name":"wp","href":"https:\/\/api.w.org\/{rel}","templated":true}]}}